{"id":30,"date":"2012-11-19T20:49:57","date_gmt":"2012-11-19T19:49:57","guid":{"rendered":"http:\/\/lago-ev.de\/wordpress\/?page_id=30"},"modified":"2023-08-08T20:19:38","modified_gmt":"2023-08-08T18:19:38","slug":"test","status":"publish","type":"page","link":"https:\/\/lago-ev.de\/?page_id=30","title":{"rendered":"Der Verein"},"content":{"rendered":"<p>Der Verein &#8222;Kulturverein Lago Alfredo &#8211; Club kultureller Notwendigkeit e.V.&#8220; ist gemeinn\u00fctzig. Die erwirtschafteten Gewinne werden ausschlie\u00dflich zur Unterst\u00fctzung des Gemeinwohls und zur Finanzierung kommender Veranstaltungen verwendet.<\/p>\n<p>Wir sind sehr darauf bedacht, Eintritts- und Getr\u00e4nkepreise bei allen Veranstaltungen m\u00f6glichst gering zu halten.<br \/>\nBei unseren Veranstaltungen handelt es sich um kulturelle Ereignisse, welche f\u00fcr jeden bezahlbar bleiben soll.<\/p>\n<p>Den Jugendlichen des Ortes und der Region Limburg &#8211; Weilburg sollten lokale Veranstaltungen geboten werden, bei denen auch junge Bands die M\u00f6glichkeit haben, sich live zu pr\u00e4sentieren.<\/p>\n","protected":false},"excerpt":{"rendered":"<p>Der Verein &#8222;Kulturverein Lago Alfredo &#8211; Club kultureller Notwendigkeit e.V.&#8220; ist gemeinn\u00fctzig. Die erwirtschafteten Gewinne werden ausschlie\u00dflich zur Unterst\u00fctzung des Gemeinwohls und zur Finanzierung kommender Veranstaltungen verwendet. Wir sind sehr darauf bedacht, Eintritts- und Getr\u00e4nkepreise bei allen Veranstaltungen m\u00f6glichst gering &hellip; <a href=\"https:\/\/lago-ev.de\/?page_id=30\">Weiterlesen <span class=\"meta-nav\">&rarr;<\/span><\/a><\/p>\n","protected":false},"author":1,"featured_media":0,"parent":0,"menu_order":2,"comment_status":"closed","ping_status":"closed","template":"","meta":{"ngg_post_thumbnail":0,"footnotes":""},"class_list":["post-30","page","type-page","status-publish","hentry"],"_links":{"self":[{"href":"https:\/\/lago-ev.de\/index.php?rest_route=\/wp\/v2\/pages\/30","targetHints":{"allow":["GET"]}}],"collection":[{"href":"https:\/\/lago-ev.de\/index.php?rest_route=\/wp\/v2\/pages"}],"about":[{"href":"https:\/\/lago-ev.de\/index.php?rest_route=\/wp\/v2\/types\/page"}],"author":[{"embeddable":true,"href":"https:\/\/lago-ev.de\/index.php?rest_route=\/wp\/v2\/users\/1"}],"replies":[{"embeddable":true,"href":"https:\/\/lago-ev.de\/index.php?rest_route=%2Fwp%2Fv2%2Fcomments&post=30"}],"version-history":[{"count":6,"href":"https:\/\/lago-ev.de\/index.php?rest_route=\/wp\/v2\/pages\/30\/revisions"}],"predecessor-version":[{"id":1172,"href":"https:\/\/lago-ev.de\/index.php?rest_route=\/wp\/v2\/pages\/30\/revisions\/1172"}],"wp:attachment":[{"href":"https:\/\/lago-ev.de\/index.php?rest_route=%2Fwp%2Fv2%2Fmedia&parent=30"}],"curies":[{"name":"wp","href":"https:\/\/api.w.org\/{rel}","templated":true}]}}