{"id":2,"date":"2012-11-13T16:42:34","date_gmt":"2012-11-13T15:42:34","guid":{"rendered":"http:\/\/lago-ev.de\/wordpress\/?page_id=2"},"modified":"2025-05-02T18:47:27","modified_gmt":"2025-05-02T16:47:27","slug":"sample-page","status":"publish","type":"page","link":"https:\/\/lago-ev.de\/?page_id=2","title":{"rendered":"SEEPOGO"},"content":{"rendered":"<p>Das SEEPOGO Festival ist eine Open Air Veranstaltung welche 1x im Jahr immer am 3. oder 4. Samstag im Juli am Lago Alfredo in M\u00fcnster durch den gemeinn\u00fctzigen Verein &#8222;Kulturverein Lago Alfredo &#8211; Club kultureller Notwendigkeit e.V.&#8220; durchgef\u00fchrt wird. Zum ersten mal fand das Open Air im Jahr 2012 statt.<\/p>\n<p>Die Webseite zum Festival ist unter <a href=\"http:\/\/www.seepogo.de\"><strong><span style=\"color: #000000;\">www.seepogo.de<\/span><\/strong><\/a> zu erreichen.<\/p>\n<p>Nachfolgend ist eine \u00dcbersicht der SEEPOGO Flyer mit einer Verlinkung zur jeweiligen Facebook Veranstaltung zu finden.<\/p>\n<p><img loading=\"lazy\" decoding=\"async\" class=\"alignnone size-large wp-image-1186\" src=\"https:\/\/lago-ev.de\/wp-content\/uploads\/2025\/02\/SEEPOGO-2025-Flyer-726x1024.jpg\" alt=\"\" width=\"584\" height=\"824\" srcset=\"https:\/\/lago-ev.de\/wp-content\/uploads\/2025\/02\/SEEPOGO-2025-Flyer-726x1024.jpg 726w, https:\/\/lago-ev.de\/wp-content\/uploads\/2025\/02\/SEEPOGO-2025-Flyer-213x300.jpg 213w, https:\/\/lago-ev.de\/wp-content\/uploads\/2025\/02\/SEEPOGO-2025-Flyer-768x1083.jpg 768w, https:\/\/lago-ev.de\/wp-content\/uploads\/2025\/02\/SEEPOGO-2025-Flyer-1090x1536.jpg 1090w, https:\/\/lago-ev.de\/wp-content\/uploads\/2025\/02\/SEEPOGO-2025-Flyer-300x423.jpg 300w, https:\/\/lago-ev.de\/wp-content\/uploads\/2025\/02\/SEEPOGO-2025-Flyer.jpg 1240w\" sizes=\"auto, (max-width: 584px) 100vw, 584px\" \/><\/p>\n<p><img loading=\"lazy\" decoding=\"async\" class=\"alignnone size-large wp-image-1187\" src=\"https:\/\/lago-ev.de\/wp-content\/uploads\/2025\/02\/SEEPOGO-2024-Flyer-726x1024.jpg\" alt=\"\" width=\"584\" height=\"824\" srcset=\"https:\/\/lago-ev.de\/wp-content\/uploads\/2025\/02\/SEEPOGO-2024-Flyer-726x1024.jpg 726w, https:\/\/lago-ev.de\/wp-content\/uploads\/2025\/02\/SEEPOGO-2024-Flyer-213x300.jpg 213w, https:\/\/lago-ev.de\/wp-content\/uploads\/2025\/02\/SEEPOGO-2024-Flyer-768x1083.jpg 768w, https:\/\/lago-ev.de\/wp-content\/uploads\/2025\/02\/SEEPOGO-2024-Flyer-1090x1536.jpg 1090w, https:\/\/lago-ev.de\/wp-content\/uploads\/2025\/02\/SEEPOGO-2024-Flyer-300x423.jpg 300w, https:\/\/lago-ev.de\/wp-content\/uploads\/2025\/02\/SEEPOGO-2024-Flyer.jpg 1240w\" sizes=\"auto, (max-width: 584px) 100vw, 584px\" \/><\/p>\n<p><img loading=\"lazy\" decoding=\"async\" class=\"alignnone size-large wp-image-1188\" src=\"https:\/\/lago-ev.de\/wp-content\/uploads\/2025\/02\/SEEPOGO-2023-Flyer-726x1024.png\" alt=\"\" width=\"584\" height=\"824\" srcset=\"https:\/\/lago-ev.de\/wp-content\/uploads\/2025\/02\/SEEPOGO-2023-Flyer-726x1024.png 726w, https:\/\/lago-ev.de\/wp-content\/uploads\/2025\/02\/SEEPOGO-2023-Flyer-213x300.png 213w, https:\/\/lago-ev.de\/wp-content\/uploads\/2025\/02\/SEEPOGO-2023-Flyer-768x1083.png 768w, https:\/\/lago-ev.de\/wp-content\/uploads\/2025\/02\/SEEPOGO-2023-Flyer-1090x1536.png 1090w, https:\/\/lago-ev.de\/wp-content\/uploads\/2025\/02\/SEEPOGO-2023-Flyer-300x423.png 300w, https:\/\/lago-ev.de\/wp-content\/uploads\/2025\/02\/SEEPOGO-2023-Flyer.png 1240w\" sizes=\"auto, (max-width: 584px) 100vw, 584px\" \/><\/p>\n<p><img loading=\"lazy\" decoding=\"async\" class=\"alignnone size-full wp-image-1156\" src=\"https:\/\/lago-ev.de\/wp-content\/uploads\/2022\/12\/la6-SEEPOGO-2022-Flyer.jpg\" alt=\"\" width=\"839\" height=\"595\" srcset=\"https:\/\/lago-ev.de\/wp-content\/uploads\/2022\/12\/la6-SEEPOGO-2022-Flyer.jpg 839w, https:\/\/lago-ev.de\/wp-content\/uploads\/2022\/12\/la6-SEEPOGO-2022-Flyer-300x213.jpg 300w, https:\/\/lago-ev.de\/wp-content\/uploads\/2022\/12\/la6-SEEPOGO-2022-Flyer-768x545.jpg 768w, https:\/\/lago-ev.de\/wp-content\/uploads\/2022\/12\/la6-SEEPOGO-2022-Flyer-423x300.jpg 423w\" sizes=\"auto, (max-width: 839px) 100vw, 839px\" \/><br><a href=\"https:\/\/www.facebook.com\/events\/385181015737761\">SEEPOGO 2022 &#8211; Facebook Event<\/a><\/p>\n\n\n<figure class=\"wp-block-image size-large\"><a href=\"http:\/\/www.lago-ev.de\/wp-content\/uploads\/2021\/03\/SEEPOGO2019_Plakat.png\"><img loading=\"lazy\" decoding=\"async\" width=\"729\" height=\"1024\" src=\"http:\/\/www.lago-ev.de\/wp-content\/uploads\/2021\/03\/SEEPOGO2019_Plakat-729x1024.png\" alt=\"\" class=\"wp-image-1097\" srcset=\"https:\/\/lago-ev.de\/wp-content\/uploads\/2021\/03\/SEEPOGO2019_Plakat-729x1024.png 729w, https:\/\/lago-ev.de\/wp-content\/uploads\/2021\/03\/SEEPOGO2019_Plakat-214x300.png 214w, https:\/\/lago-ev.de\/wp-content\/uploads\/2021\/03\/SEEPOGO2019_Plakat-768x1078.png 768w, https:\/\/lago-ev.de\/wp-content\/uploads\/2021\/03\/SEEPOGO2019_Plakat-1094x1536.png 1094w, https:\/\/lago-ev.de\/wp-content\/uploads\/2021\/03\/SEEPOGO2019_Plakat-1459x2048.png 1459w, https:\/\/lago-ev.de\/wp-content\/uploads\/2021\/03\/SEEPOGO2019_Plakat.png 1528w\" sizes=\"auto, (max-width: 729px) 100vw, 729px\" \/><\/a><\/figure>\n\n\n\n<p><a href=\"https:\/\/www.facebook.com\/events\/2220993904847015\">SEEPOGO 2019 &#8211; Facebook Event<\/a><\/p>\n\n\n\n<p><a href=\"https:\/\/www.facebook.com\/events\/1828798913801617\/\"><img loading=\"lazy\" decoding=\"async\" class=\"alignnone wp-image-1068 size-large\" src=\"http:\/\/www.lago-ev.de\/wp-content\/uploads\/2019\/02\/la6-SEEPOGO-2018-Flyer-DRUCK-Vorne-726x1024.jpg\" alt=\"SEEPOGO2018\" width=\"584\" height=\"824\" srcset=\"https:\/\/lago-ev.de\/wp-content\/uploads\/2019\/02\/la6-SEEPOGO-2018-Flyer-DRUCK-Vorne-726x1024.jpg 726w, https:\/\/lago-ev.de\/wp-content\/uploads\/2019\/02\/la6-SEEPOGO-2018-Flyer-DRUCK-Vorne-213x300.jpg 213w, https:\/\/lago-ev.de\/wp-content\/uploads\/2019\/02\/la6-SEEPOGO-2018-Flyer-DRUCK-Vorne-768x1083.jpg 768w, https:\/\/lago-ev.de\/wp-content\/uploads\/2019\/02\/la6-SEEPOGO-2018-Flyer-DRUCK-Vorne.jpg 1240w\" sizes=\"auto, (max-width: 584px) 100vw, 584px\" \/><\/a><a href=\"https:\/\/www.facebook.com\/events\/1828798913801617\/\">SEEPOGO 2018 &#8211; Facebook Event<\/a><\/p>\n\n\n\n<p><a href=\"https:\/\/www.facebook.com\/events\/1790336977888638\/\"><img loading=\"lazy\" decoding=\"async\" class=\"alignnone wp-image-1010 size-large\" src=\"http:\/\/www.lago-ev.de\/wp-content\/uploads\/2012\/11\/la1-SEEPOGO-2017-Plakat-A1_Ansicht-724x1024.jpg\" alt=\"SEEPOGO2017\" width=\"584\" height=\"826\" srcset=\"https:\/\/lago-ev.de\/wp-content\/uploads\/2012\/11\/la1-SEEPOGO-2017-Plakat-A1_Ansicht-724x1024.jpg 724w, https:\/\/lago-ev.de\/wp-content\/uploads\/2012\/11\/la1-SEEPOGO-2017-Plakat-A1_Ansicht-212x300.jpg 212w, https:\/\/lago-ev.de\/wp-content\/uploads\/2012\/11\/la1-SEEPOGO-2017-Plakat-A1_Ansicht-768x1086.jpg 768w\" sizes=\"auto, (max-width: 584px) 100vw, 584px\" \/><\/a><a href=\"https:\/\/www.facebook.com\/events\/1790336977888638\/\">SEEPOGO 2017 &#8211; Facebook Event<\/a><\/p>\n\n\n\n<p><a href=\"https:\/\/www.facebook.com\/events\/505337829625177\/\"><img loading=\"lazy\" decoding=\"async\" class=\"alignnone wp-image-691 size-large\" src=\"http:\/\/www.lago-ev.de\/wp-content\/uploads\/2012\/11\/la2-SEEPOGO-2016-Flyer-A1-724x1024.jpg\" alt=\"SEEPOGO2016\" width=\"584\" height=\"826\" srcset=\"https:\/\/lago-ev.de\/wp-content\/uploads\/2012\/11\/la2-SEEPOGO-2016-Flyer-A1-724x1024.jpg 724w, https:\/\/lago-ev.de\/wp-content\/uploads\/2012\/11\/la2-SEEPOGO-2016-Flyer-A1-212x300.jpg 212w, https:\/\/lago-ev.de\/wp-content\/uploads\/2012\/11\/la2-SEEPOGO-2016-Flyer-A1.jpg 1684w\" sizes=\"auto, (max-width: 584px) 100vw, 584px\" \/><\/a><a href=\"https:\/\/www.facebook.com\/events\/505337829625177\/\" target=\"_blank\" rel=\"noopener\">SEEPOGO 2016 &#8211; Facebook Event<\/a><\/p>\n\n\n\n<p><a href=\"https:\/\/www.facebook.com\/events\/1499969583618667\/\" target=\"_blank\" rel=\"noopener\"><img loading=\"lazy\" decoding=\"async\" class=\"alignnone wp-image-212 size-large\" src=\"http:\/\/www.lago-ev.de\/wp-content\/uploads\/2012\/11\/SeePogo2015_A3_Plakat-724x1024.jpg\" alt=\"SEEPOGO2015\" width=\"584\" height=\"826\" srcset=\"https:\/\/lago-ev.de\/wp-content\/uploads\/2012\/11\/SeePogo2015_A3_Plakat-724x1024.jpg 724w, https:\/\/lago-ev.de\/wp-content\/uploads\/2012\/11\/SeePogo2015_A3_Plakat-212x300.jpg 212w, https:\/\/lago-ev.de\/wp-content\/uploads\/2012\/11\/SeePogo2015_A3_Plakat.jpg 1754w\" sizes=\"auto, (max-width: 584px) 100vw, 584px\" \/><\/a><a title=\"SeePogo 2014 - Facebook Event\" href=\"https:\/\/www.facebook.com\/events\/1499969583618667\/\" target=\"_blank\" rel=\"noopener\">SeePogo 2015 &#8211; Facebook Event<\/a><\/p>\n\n\n\n<p><a title=\"SeePogo 2014 - Facebook Event\" href=\"https:\/\/www.facebook.com\/events\/464320273672302\/\" target=\"_blank\" rel=\"noopener\"><img loading=\"lazy\" decoding=\"async\" class=\"alignnone wp-image-1022 size-large\" src=\"http:\/\/www.lago-ev.de\/wp-content\/uploads\/2012\/11\/SeePogo2014_Plakat_A3_small-725x1024.jpg\" alt=\"SEEPOGO2014\" width=\"584\" height=\"825\" srcset=\"https:\/\/lago-ev.de\/wp-content\/uploads\/2012\/11\/SeePogo2014_Plakat_A3_small-725x1024.jpg 725w, https:\/\/lago-ev.de\/wp-content\/uploads\/2012\/11\/SeePogo2014_Plakat_A3_small-212x300.jpg 212w, https:\/\/lago-ev.de\/wp-content\/uploads\/2012\/11\/SeePogo2014_Plakat_A3_small-768x1085.jpg 768w, https:\/\/lago-ev.de\/wp-content\/uploads\/2012\/11\/SeePogo2014_Plakat_A3_small.jpg 1000w\" sizes=\"auto, (max-width: 584px) 100vw, 584px\" \/><\/a><a title=\"SeePogo 2014 - Facebook Event\" href=\"https:\/\/www.facebook.com\/events\/464320273672302\/\" target=\"_blank\" rel=\"noopener\">SeePogo 2014 &#8211; Facebook Event<\/a><\/p>\n\n\n\n<p><a href=\"https:\/\/www.facebook.com\/events\/573933389287489\/\" target=\"_blank\" rel=\"noopener\"><img loading=\"lazy\" decoding=\"async\" class=\"alignnone wp-image-1018 size-large\" src=\"http:\/\/www.lago-ev.de\/wp-content\/uploads\/2012\/11\/seepogo.2013.plakat.a1.cmyk_.RANDLOS_small-725x1024.jpg\" alt=\"SEEPOGO2013\" width=\"584\" height=\"825\" srcset=\"https:\/\/lago-ev.de\/wp-content\/uploads\/2012\/11\/seepogo.2013.plakat.a1.cmyk_.RANDLOS_small-725x1024.jpg 725w, https:\/\/lago-ev.de\/wp-content\/uploads\/2012\/11\/seepogo.2013.plakat.a1.cmyk_.RANDLOS_small-212x300.jpg 212w, https:\/\/lago-ev.de\/wp-content\/uploads\/2012\/11\/seepogo.2013.plakat.a1.cmyk_.RANDLOS_small-768x1085.jpg 768w, https:\/\/lago-ev.de\/wp-content\/uploads\/2012\/11\/seepogo.2013.plakat.a1.cmyk_.RANDLOS_small.jpg 1000w\" sizes=\"auto, (max-width: 584px) 100vw, 584px\" \/><\/a><a title=\"SeePogo 2013 - Facebook Event\" href=\"https:\/\/www.facebook.com\/events\/573933389287489\/\" target=\"_blank\" rel=\"noopener\">SeePogo 2013 &#8211; Facebook Event<br><\/a><\/p>\n\n\n\n<p><a href=\"https:\/\/www.facebook.com\/events\/837475706331776\" target=\"_blank\" rel=\"noopener\"><img loading=\"lazy\" decoding=\"async\" class=\"alignnone wp-image-105 size-large\" src=\"http:\/\/www.lago-ev.de\/wp-content\/uploads\/2013\/05\/SeePogo2012-726x1024.jpg\" alt=\"SEEPOGO2012\" width=\"584\" height=\"824\" srcset=\"https:\/\/lago-ev.de\/wp-content\/uploads\/2013\/05\/SeePogo2012-726x1024.jpg 726w, https:\/\/lago-ev.de\/wp-content\/uploads\/2013\/05\/SeePogo2012-212x300.jpg 212w, https:\/\/lago-ev.de\/wp-content\/uploads\/2013\/05\/SeePogo2012.jpg 1215w\" sizes=\"auto, (max-width: 584px) 100vw, 584px\" \/><\/a><a title=\"SeePogo 2012 - Facebook Event\" href=\"https:\/\/www.facebook.com\/events\/837475706331776\" target=\"_blank\" rel=\"noopener\">SeePogo 2012 &#8211; Facebook Event<\/a><\/p>\n","protected":false},"excerpt":{"rendered":"<p>Das SEEPOGO Festival ist eine Open Air Veranstaltung welche 1x im Jahr immer am 3. oder 4. Samstag im Juli am Lago Alfredo in M\u00fcnster durch den gemeinn\u00fctzigen Verein &#8222;Kulturverein Lago Alfredo &#8211; Club kultureller Notwendigkeit e.V.&#8220; durchgef\u00fchrt wird. Zum &hellip; <a href=\"https:\/\/lago-ev.de\/?page_id=2\">Weiterlesen <span class=\"meta-nav\">&rarr;<\/span><\/a><\/p>\n","protected":false},"author":1,"featured_media":0,"parent":116,"menu_order":0,"comment_status":"closed","ping_status":"closed","template":"","meta":{"ngg_post_thumbnail":0,"footnotes":""},"class_list":["post-2","page","type-page","status-publish","hentry"],"_links":{"self":[{"href":"https:\/\/lago-ev.de\/index.php?rest_route=\/wp\/v2\/pages\/2","targetHints":{"allow":["GET"]}}],"collection":[{"href":"https:\/\/lago-ev.de\/index.php?rest_route=\/wp\/v2\/pages"}],"about":[{"href":"https:\/\/lago-ev.de\/index.php?rest_route=\/wp\/v2\/types\/page"}],"author":[{"embeddable":true,"href":"https:\/\/lago-ev.de\/index.php?rest_route=\/wp\/v2\/users\/1"}],"replies":[{"embeddable":true,"href":"https:\/\/lago-ev.de\/index.php?rest_route=%2Fwp%2Fv2%2Fcomments&post=2"}],"version-history":[{"count":32,"href":"https:\/\/lago-ev.de\/index.php?rest_route=\/wp\/v2\/pages\/2\/revisions"}],"predecessor-version":[{"id":1196,"href":"https:\/\/lago-ev.de\/index.php?rest_route=\/wp\/v2\/pages\/2\/revisions\/1196"}],"up":[{"embeddable":true,"href":"https:\/\/lago-ev.de\/index.php?rest_route=\/wp\/v2\/pages\/116"}],"wp:attachment":[{"href":"https:\/\/lago-ev.de\/index.php?rest_route=%2Fwp%2Fv2%2Fmedia&parent=2"}],"curies":[{"name":"wp","href":"https:\/\/api.w.org\/{rel}","templated":true}]}}